{"id":1886,"date":"2018-10-18T02:54:05","date_gmt":"2018-10-18T02:54:05","guid":{"rendered":"https:\/\/azirspares.famithemes.com\/?page_id=1886"},"modified":"2021-04-19T00:39:22","modified_gmt":"2021-04-19T00:39:22","slug":"contacto","status":"publish","type":"page","link":"http:\/\/motorparts.com.ec\/index.php\/contacto\/","title":{"rendered":"Contacto"},"content":{"rendered":"<div class=\"vc_row wpb_row vc_row-fluid vc_custom_1539833883980 azirspares_custom_607ccfb326ff1 vc_custom_1539833883980 vc_custom_1539833883980 vc_custom_1539833884043 vc_custom_1539833883980 vc_custom_1539833883980 vc_custom_1539833884043\"><div class=\"wpb_column vc_column_container vc_col-sm-12\"><div class=\"vc_column-inner\"><div class=\"wpb_wrapper\">\n\t<div class=\"wpb_text_column wpb_content_element azirspares_custom_607ccfb326ff4 famiau_custom_607ccfb30f4c8 \" >\n\t\t<div class=\"wpb_wrapper\">\n\t\t\t<p>Escr\u00edbenos tu consulta con total confianza, estaremos prestos a darte la informaci\u00f3n que necesites.<\/p>\n\n\t\t<\/div>\n\t<\/div>\n<\/div><\/div><\/div><\/div><div class=\"vc_row wpb_row vc_row-fluid vc_custom_1539833865481 azirspares_custom_607ccfb326ff6 vc_custom_1539833865481 vc_custom_1539833865481 vc_custom_1539833865524 vc_custom_1539833865546 vc_custom_1539833865481 vc_custom_1539833865481 vc_custom_1539833865524 vc_custom_1539833865546\"><div class=\"wpb_column vc_column_container vc_col-sm-12 vc_col-md-6 azirspares_custom_607ccfb326ff7 vc_custom_1539832367701 vc_custom_1539832367701 vc_custom_1539832367744 vc_custom_1539832367768 vc_custom_1539832367701 vc_custom_1539832367701 vc_custom_1539832367744 vc_custom_1539832367768\"><div class=\"vc_column-inner vc_custom_1539832367701\"><div class=\"wpb_wrapper\"><div class=\"vc_row wpb_row vc_inner vc_row-fluid vc_custom_1539833408687 vc_row-has-fill azirspares_custom_607ccfb326ff8 vc_custom_1539833408687 vc_custom_1539833408687 vc_custom_1539833408687 vc_custom_1539833408687\"><div class=\"wpb_column vc_column_container vc_col-sm-12 azirspares_custom_607ccfb326ff9 vc_custom_1539832236153 vc_custom_1539832236153 vc_custom_1539832236153 vc_custom_1539832236153\"><div class=\"vc_column-inner vc_custom_1539832236153\"><div class=\"wpb_wrapper\"><h3 style=\"font-size: 20px;text-align: left\" class=\"vc_custom_heading vc_custom_1616360380499 azirspares_custom_607ccfb326ffa vc_custom_1616360380499 vc_custom_1616360380499 famiau_custom_607ccfb30f4cc vc_custom_1616360380499 vc_custom_1616360380499\" >Formulario<\/h3>\n<div class=\"wpcf7 no-js\" id=\"wpcf7-f1893-o1\" lang=\"en-US\" dir=\"ltr\" data-wpcf7-id=\"1893\">\n<div class=\"screen-reader-response\"><p role=\"status\" aria-live=\"polite\" aria-atomic=\"true\"><\/p> <ul><\/ul><\/div>\n<form action=\"\/index.php\/wp-json\/wp\/v2\/pages\/1886#wpcf7-f1893-o1\" method=\"post\" class=\"wpcf7-form init\" aria-label=\"Contact form\" novalidate=\"novalidate\" data-status=\"init\">\n<fieldset class=\"hidden-fields-container\"><input type=\"hidden\" name=\"_wpcf7\" value=\"1893\" \/><input type=\"hidden\" name=\"_wpcf7_version\" value=\"6.1.4\" \/><input type=\"hidden\" name=\"_wpcf7_locale\" value=\"en_US\" \/><input type=\"hidden\" name=\"_wpcf7_unit_tag\" value=\"wpcf7-f1893-o1\" \/><input type=\"hidden\" name=\"_wpcf7_container_post\" value=\"0\" \/><input type=\"hidden\" name=\"_wpcf7_posted_data_hash\" value=\"\" \/>\n<\/fieldset>\n<p><label><br \/>\n<span class=\"wpcf7-form-control-wrap\" data-name=\"your-name\"><input size=\"40\" maxlength=\"400\" class=\"wpcf7-form-control wpcf7-text wpcf7-validates-as-required\" aria-required=\"true\" aria-invalid=\"false\" value=\"Nombre*\" type=\"text\" name=\"your-name\" \/><\/span> <\/label><br \/>\n<label><br \/>\n<span class=\"wpcf7-form-control-wrap\" data-name=\"your-email\"><input size=\"40\" maxlength=\"400\" class=\"wpcf7-form-control wpcf7-email wpcf7-validates-as-required wpcf7-text wpcf7-validates-as-email\" aria-required=\"true\" aria-invalid=\"false\" value=\"Correo electr\u00f3nico*\" type=\"email\" name=\"your-email\" \/><\/span> <\/label><br \/>\n<label><br \/>\n<span class=\"wpcf7-form-control-wrap\" data-name=\"your-message\"><textarea cols=\"40\" rows=\"10\" maxlength=\"2000\" class=\"wpcf7-form-control wpcf7-textarea\" aria-invalid=\"false\" name=\"your-message\">Tu mensaje...<\/textarea><\/span> <\/label><br \/>\n<input class=\"wpcf7-form-control wpcf7-submit has-spinner\" type=\"submit\" value=\"Enviar\" \/>\n<\/p><div class=\"wpcf7-response-output\" aria-hidden=\"true\"><\/div>\n<\/form>\n<\/div>\n<\/div><\/div><\/div><\/div><\/div><\/div><\/div><div class=\"wpb_column vc_column_container vc_col-sm-12 vc_col-md-6 azirspares_custom_607ccfb326ffc vc_custom_1539832393059 vc_custom_1539832393059 vc_custom_1539832393098 vc_custom_1539832393059 vc_custom_1539832393059 vc_custom_1539832393098\"><div class=\"vc_column-inner vc_custom_1539832393059\"><div class=\"wpb_wrapper\">\n\t<div class=\"wpb_raw_code wpb_content_element wpb_raw_html vc_custom_1617380958602 azirspares_custom_607ccfb326ffd vc_custom_1617380958602 vc_custom_1617380958602 famiau_custom_607ccfb30f4cf vc_custom_1617380958602 vc_custom_1617380958602 \" >\n\t\t<div class=\"wpb_wrapper\">\n\t\t\t<iframe src=\"https:\/\/www.google.com\/maps\/embed?pb=!1m18!1m12!1m3!1d5850.60435776438!2d-79.89832243478683!3d-2.1923588118741275!2m3!1f0!2f0!3f0!3m2!1i1024!2i768!4f13.1!3m3!1m2!1s0x902d6fcf898c881b%3A0xfc8de27a77c391d8!2sMotor%20Parts%204!5e0!3m2!1ses!2sec!4v1617380821958!5m2!1ses!2sec\" width=\"600\" height=\"500\" style=\"border:0;\" allowfullscreen=\"\" loading=\"lazy\"><\/iframe>\n\t\t<\/div>\n\t<\/div>\n<\/div><\/div><\/div><\/div><div data-vc-full-width=\"true\" data-vc-full-width-init=\"false\" class=\"vc_row wpb_row vc_row-fluid bg-parallax vc_custom_1617479234343 vc_row-has-fill azirspares_custom_607ccfb326ffe vc_custom_1617479234343 vc_custom_1617479234343 vc_custom_1617479234320 vc_custom_1617479234333 famiau_custom_607ccfb30f4d0 vc_custom_1617479234343 vc_custom_1617479234343 vc_custom_1617479234320 vc_custom_1617479234333\"><div class=\"wpb_column vc_column_container vc_col-sm-12\"><div class=\"vc_column-inner\"><div class=\"wpb_wrapper\"><div class=\"vc_row wpb_row vc_inner vc_row-fluid vc_custom_1539849794389 vc_row-has-fill azirspares_custom_607ccfb326fff vc_custom_1539849794389 vc_custom_1539849794389 vc_custom_1539849794442 vc_custom_1539849794389 vc_custom_1539849794389 vc_custom_1539849794442\"><div class=\"wpb_column vc_column_container vc_col-sm-12 vc_col-md-4 azirspares_custom_607ccfb327000 vc_custom_1539848179419 vc_custom_1539848179419\"><div class=\"vc_column-inner\"><div class=\"wpb_wrapper\">            <div class=\"azirspares-iconbox style16 dark   azirspares_custom_607ccfb327001 famiau_custom_607ccfb30f4d1 \">\r\n                <div class=\"iconbox-inner\">\r\n                                                                        <span class=\"icon\">\r\n                                <span class=\"flaticon-localization\"><\/span>\r\n                            <\/span>\r\n                                                                <div class=\"iconbox-wrap\">\r\n                                                    <h4 class=\"title\">\r\n                                UBICACI\u00d3N                            <\/h4>\r\n                                                                                                                    <\/div>\r\n                                                        <\/div>\r\n            <\/div>\r\n            \n\t<div class=\"wpb_text_column wpb_content_element azirspares_custom_607ccfb327002 famiau_custom_607ccfb30f4d2 \" >\n\t\t<div class=\"wpb_wrapper\">\n\t\t\t<ul class=\"list-unstyled\">\n<li>Los R\u00edos 1338 entre Clemente Ball\u00e9n y 10 de Agosto<\/li>\n<li>Los R\u00edos 937 y V\u00e9lez esquina,<\/li>\n<li>Manta AV 4 de Noviembre y calle 116 local 2<\/li>\n<\/ul>\n\n\t\t<\/div>\n\t<\/div>\n<\/div><\/div><\/div><div class=\"wpb_column vc_column_container vc_col-sm-12 vc_col-md-4 azirspares_custom_607ccfb327003 vc_custom_1539848233313 vc_custom_1539848233313\"><div class=\"vc_column-inner\"><div class=\"wpb_wrapper\">            <div class=\"azirspares-iconbox style16 dark   azirspares_custom_607ccfb327004 famiau_custom_607ccfb30f4d3 \">\r\n                <div class=\"iconbox-inner\">\r\n                                                                        <span class=\"icon\">\r\n                                <span class=\"flaticon-envelope-of-white-paper\"><\/span>\r\n                            <\/span>\r\n                                                                <div class=\"iconbox-wrap\">\r\n                                                    <h4 class=\"title\">\r\n                                CORREO ELECTR\u00d3NICO                            <\/h4>\r\n                                                                                                                    <\/div>\r\n                                                        <\/div>\r\n            <\/div>\r\n            \n\t<div class=\"wpb_text_column wpb_content_element azirspares_custom_607ccfb327005 famiau_custom_607ccfb30f4d5 \" >\n\t\t<div class=\"wpb_wrapper\">\n\t\t\t<ul class=\"list-unstyled\">\n<li>\u00a0<a style=\"color: inherit;\" href=\"mailto:ventas@motorparts.com.ec\">ventas@motorparts.com.ec<\/a><\/li>\n<li>\u00a0<a style=\"color: inherit;\" href=\"mailto:importaciones@motorparts.com.ec\">importaciones@motorparts.com.ec<\/a><\/li>\n<\/ul>\n\n\t\t<\/div>\n\t<\/div>\n<\/div><\/div><\/div><div class=\"wpb_column vc_column_container vc_col-sm-12 vc_col-md-4 azirspares_custom_607ccfb327006\"><div class=\"vc_column-inner\"><div class=\"wpb_wrapper\">            <div class=\"azirspares-iconbox style16 dark   azirspares_custom_607ccfb327007 famiau_custom_607ccfb30f4d6 \">\r\n                <div class=\"iconbox-inner\">\r\n                                                                        <span class=\"icon\">\r\n                                <span class=\"flaticon-telephone\"><\/span>\r\n                            <\/span>\r\n                                                                <div class=\"iconbox-wrap\">\r\n                                                    <h4 class=\"title\">\r\n                                TEL\u00c9FONO                            <\/h4>\r\n                                                                                                                    <\/div>\r\n                                                        <\/div>\r\n            <\/div>\r\n            \n\t<div class=\"wpb_text_column wpb_content_element contact-phone azirspares_custom_607ccfb327008 famiau_custom_607ccfb30f4d7 \" >\n\t\t<div class=\"wpb_wrapper\">\n\t\t\t<p><strong>Guayaquil<\/strong><\/p>\n<ul class=\"list-unstyled\">\n<li><a href=\"tel:(042) 374 413\">(042) 374 413 <\/a><\/li>\n<li><a href=\"tel:(042) 360 565\">(042) 360 565 <\/a><\/li>\n<li><a href=\"tel:(042) 363 564\">(042) 363 564 <\/a><\/li>\n<li><a href=\"tel:(042) 361 412\">(042) 361 412 <\/a><\/li>\n<li><a href=\"tel:(046) 054 616\">(046) 054 616<\/a><\/li>\n<li><a href=\"tel:(046) 054 616\">(046) 028 601<\/a><\/li>\n<li><a href=\"tel:(046) 054 616\">(046) 029 602<\/a><\/li>\n<li><a href=\"tel:(046) 054 616\">(046) 028 603<\/a><\/li>\n<\/ul>\n<p><strong>Manta<\/strong><\/p>\n<ul class=\"list-unstyled\">\n<li><a href=\"tel:(056) 052 444\">(056) 052 444<\/a><\/li>\n<li><a href=\"tel:(056) 052 445\">(056) 052 445<\/a><\/li>\n<\/ul>\n\n\t\t<\/div>\n\t<\/div>\n<\/div><\/div><\/div><\/div><\/div><\/div><\/div><\/div><div class=\"vc_row-full-width vc_clearfix\"><\/div>\n","protected":false},"excerpt":{"rendered":"Escr\u00edbenos tu consulta con total confianza, estaremos prestos a darte la informaci\u00f3n que necesites. Formulario Tu mensaje... UBICACI\u00d3N Los R\u00edos 1338 entre Clemente Ball\u00e9n y 10 de Agosto Los R\u00edos 937 y V\u00e9lez esquina, Manta AV 4 de Noviembre y calle 116 local 2 CORREO ELECTR\u00d3NICO \u00a0ventas@motorparts.com.ec \u00a0importaciones@motorparts.com.ec TEL\u00c9FONO Guayaquil (042) 374 413 (042) 360 [...]","protected":false},"author":1,"featured_media":0,"parent":0,"menu_order":0,"comment_status":"closed","ping_status":"closed","template":"","meta":{"footnotes":""},"class_list":["post-1886","page","type-page","status-publish","hentry"],"_links":{"self":[{"href":"http:\/\/motorparts.com.ec\/index.php\/wp-json\/wp\/v2\/pages\/1886","targetHints":{"allow":["GET"]}}],"collection":[{"href":"http:\/\/motorparts.com.ec\/index.php\/wp-json\/wp\/v2\/pages"}],"about":[{"href":"http:\/\/motorparts.com.ec\/index.php\/wp-json\/wp\/v2\/types\/page"}],"author":[{"embeddable":true,"href":"http:\/\/motorparts.com.ec\/index.php\/wp-json\/wp\/v2\/users\/1"}],"replies":[{"embeddable":true,"href":"http:\/\/motorparts.com.ec\/index.php\/wp-json\/wp\/v2\/comments?post=1886"}],"version-history":[{"count":25,"href":"http:\/\/motorparts.com.ec\/index.php\/wp-json\/wp\/v2\/pages\/1886\/revisions"}],"predecessor-version":[{"id":4859,"href":"http:\/\/motorparts.com.ec\/index.php\/wp-json\/wp\/v2\/pages\/1886\/revisions\/4859"}],"wp:attachment":[{"href":"http:\/\/motorparts.com.ec\/index.php\/wp-json\/wp\/v2\/media?parent=1886"}],"curies":[{"name":"wp","href":"https:\/\/api.w.org\/{rel}","templated":true}]}}